{"id":246,"date":"2015-12-11T07:59:53","date_gmt":"2015-12-11T07:59:53","guid":{"rendered":"https:\/\/127.0.0.1\/cwe\/?page_id=246"},"modified":"2018-05-23T10:57:15","modified_gmt":"2018-05-23T09:57:15","slug":"impressum","status":"publish","type":"page","link":"https:\/\/www.cwe.rwth-aachen.de\/en\/impressum\/","title":{"rendered":"Impressum"},"content":{"rendered":"<p class=\"Zwischenueberschrift\"><strong>Herausgeberin<\/strong><\/p>\n<p>Herausgegeben im Auftrag des Rektors der Rheinisch-Westf\u00e4lischen Technischen Hochschule (RWTH) Aachen.<\/p>\n<p>RWTH Aachen<br \/>\nTemplergraben 55<br \/>\n52062 Aachen (Hausanschrift)<br \/>\n52056 Aachen (Postanschrift)<\/p>\n<p>Telefon: +49 241 80 1<br \/>\nTelefax: +49 241 80 92312<br \/>\nE-Mail: <a class=\"email\" href=\"mailto:info@rwth-aachen.de\">E-Mail schreiben<\/a><\/p>\n<p>Die RWTH Aachen ist eine K\u00f6rperschaft des \u00f6ffentlichen Rechts. Sie wird durch den Rektor, Univ.-Prof. Dr.-Ing. Ernst M. Schmachtenberg, vertreten.<\/p>\n<p class=\"Zwischenueberschrift\"><strong>Zust\u00e4ndige Aufsichtsbeh\u00f6rde<\/strong><\/p>\n<p>Ministerium f\u00fcr Kultur und Wissenschaft des Landes Nordrhein Westfalen, V\u00f6lklinger Stra\u00dfe 49, 40221 D\u00fcsseldorf.<\/p>\n<p class=\"Zwischenueberschrift\"><strong>Umsatzsteuer-Identifikationsnummer<\/strong><\/p>\n<p>Gem\u00e4\u00df \u00a7 27 a Umsatzsteuergesetz: DE 121689807<\/p>\n<p class=\"Zwischenueberschrift\"><strong>Inhaltliche Verantwortlichkeit<\/strong><\/p>\n<p>F\u00fcr die Richtigkeit und Aktualit\u00e4t der Inhalte sind die jeweiligen Erstellerinnen und Ersteller der einzelnen Seiten verantwortlich. Die Seiten der Hochschulzentrale werden von der Webredaktion unter Koordinierung des Webmasters und unter der Leitung der Abteilung Presse und \u00d6ffentlichkeitsarbeit gestaltet, eingestellt und aktualisiert.<\/p>\n<p>Fakult\u00e4t f\u00fcr Bauingenieurwesen &#8211; Lehrstuhl f\u00fcr Baustatik und Baudynamik (LBB)<br \/>\nTelefon: +49 241 80-25088<br \/>\nE-Mail: <a href=\"mailto:sekretariat@lbb.rwth-aachen.de\">sekretariat@lbb.rwth-aachen.de<\/a><\/p>\n<p>Webmaster:<br \/>\nStephan Dreyer<br \/>\nTelefon: +49 241 80-97220<br \/>\nE-Mail: <a href=\"mailto:dreyer@lbb.rwth-aachen.de\">dreyer@lbb.rwth-aachen.de<\/a><br \/>\nE-Mail Webredaktion: <a href=\"mailto:sekretariat@lbb.rwth-aachen.de\">sekretariat@lbb.rwth-aachen.de<\/a><\/p>\n<p>Die Webseiten der Zentralen Hochschulverwaltung, der Zentralen Einrichtungen, der Gruppenvertretungen, der Institute, Lehrst\u00fchle sowie Lehr- und Forschungsgebiete werden von den von diesen beauftragten Webkoordinatorinnen und Webkoordinatoren beziehungsweise deren Webmastern eigenst\u00e4ndig betreut. Details zu Fragen der Haftung sind in der\u00a0 <a href=\"http:\/\/www.cwe.rwth-aachen.de\/disclaimer\/\">Datenschutzerkl\u00e4rung<\/a> nachzulesen.<\/p>\n","protected":false},"excerpt":{"rendered":"<p>Herausgeberin Herausgegeben im Auftrag des Rektors der Rheinisch-Westf\u00e4lischen Technischen Hochschule (RWTH) Aachen. RWTH Aachen Templergraben 55 52062 Aachen (Hausanschrift) 52056 Aachen (Postanschrift) Telefon: +49 241&#8230;<\/p>\n","protected":false},"author":1,"featured_media":0,"parent":0,"menu_order":0,"comment_status":"closed","ping_status":"closed","template":"","meta":[],"folder":[],"_links":{"self":[{"href":"https:\/\/www.cwe.rwth-aachen.de\/en\/wp-json\/wp\/v2\/pages\/246"}],"collection":[{"href":"https:\/\/www.cwe.rwth-aachen.de\/en\/wp-json\/wp\/v2\/pages"}],"about":[{"href":"https:\/\/www.cwe.rwth-aachen.de\/en\/wp-json\/wp\/v2\/types\/page"}],"author":[{"embeddable":true,"href":"https:\/\/www.cwe.rwth-aachen.de\/en\/wp-json\/wp\/v2\/users\/1"}],"replies":[{"embeddable":true,"href":"https:\/\/www.cwe.rwth-aachen.de\/en\/wp-json\/wp\/v2\/comments?post=246"}],"version-history":[{"count":1,"href":"https:\/\/www.cwe.rwth-aachen.de\/en\/wp-json\/wp\/v2\/pages\/246\/revisions"}],"predecessor-version":[{"id":1071,"href":"https:\/\/www.cwe.rwth-aachen.de\/en\/wp-json\/wp\/v2\/pages\/246\/revisions\/1071"}],"wp:attachment":[{"href":"https:\/\/www.cwe.rwth-aachen.de\/en\/wp-json\/wp\/v2\/media?parent=246"}],"wp:term":[{"taxonomy":"folder","embeddable":true,"href":"https:\/\/www.cwe.rwth-aachen.de\/en\/wp-json\/wp\/v2\/folder?post=246"}],"curies":[{"name":"wp","href":"https:\/\/api.w.org\/{rel}","templated":true}]}}