{"id":213,"date":"2015-12-10T12:48:32","date_gmt":"2015-12-10T12:48:32","guid":{"rendered":"https:\/\/127.0.0.1\/cwe\/?page_id=213"},"modified":"2018-12-10T13:55:41","modified_gmt":"2018-12-10T12:55:41","slug":"articles-in-journals-since-2011","status":"publish","type":"page","link":"https:\/\/www.cwe.rwth-aachen.de\/en\/about-us\/publications\/articles-in-journals-since-2011\/","title":{"rendered":"Articles in journals (since 2011)"},"content":{"rendered":"<p>Altay O, Klinkel S (2018): A semi-active tuned liquid column damper for lateral vibration control of high-rise structures: Theory and experimental verification, <em>Struct Control Health Monit.<\/em>, 25(12):e2270. DOI 10.1002\/stc.2270.<\/p>\n<p>Altay O, Klinkel S (2018): Semi-aktiver Fl\u00fcssigkeitss\u00e4ulend\u00e4mpfer zur Reduktion lateraler Schwingungen von Hochbauten, <em>Bauingenieur<\/em>, 93:S11-S18.<\/p>\n<p>Butenweg, C., Marinkovi\u0107, M.: Erdbebensicherer Anschluss von Ausfachungsmauerwerk in Stahlbetonrahmentragwerken mit Entkopplungselementen, Bauingenieur, Band 93, Nr. 09, S. 333-341, 2018<\/p>\n<p>Butenweg, C., , Marinkovi\u0107, M., Fehling, E., Pfetzing, T.: Stahlbetonrahmentragwerke mit Ausfachungen aus Mauerwerk unter kombinierten seismischen Belastungen in und senkrecht zur Wandebene, Bauingenieur, Band 93, Erdbebeningenieurwesen, 2018<\/p>\n<p>Rossi, L., Holtschoppen, B., Butenweg, C.: Official Data on the Economic Consequence of the 2012 Emilia-Romagna Earthquake \u2013 A first analysis of database SFINGE, 2018 (, submitted to Bulletin of Earthquake Engineering)<\/p>\n<p>Rosin, J., Butenweg, C., Cacciatore, P., Boesen, N.: Investigation of the seismic performance of modern masonry buildings during the Emilia Romagna earthquake series &#8211; Untersuchungen des seismischen Verhaltens von modernen Mauerwerksbauten in der Emilia Romagna Erdbebenserie, Mauerwerk, Volume 22, Issue 4, S. 238-250, August 2018<\/p>\n<p>Michel, P., Butenweg, C., Klinkel, S.: Pile-grid foundations of onshore wind turbines considering soil-structure-interaction under seismic loading. Soil dynamics and earthquake engineering, Band 109, S. 299 &#8211; 311, 2018<\/p>\n<p>Altay O, Nolteernsting F, Stemmler S, Abel D, Klinkel S (2017): Investigations on the Performance of a Novel Semi-active Tuned Liquid Column Damper, <em>Procedia Engineering<\/em>, 199:1580-1585. DOI 10.1016\/j.proeng. 2017.09.061.<\/p>\n<p>Schleiter S, Altay O, Klinkel S (2017): Experimental Identification of an Elasto-Mechanical Multi-Degree-of-Freedom-System Using Stochastic Signals, <em>Acta Polytechnica<\/em>, 7:64-68. DOI 10.14311\/APP.2017.7.0064.<\/p>\n<p>Sobota, P. M., Dornisch, W., M\u00fcller, R., Klinkel, S.: Implicit dynamic analysis using an isogeometric Reissner-Mindlin shell formulation. International journal for numerical methods in engineering, Band: 110, Ausgabe: 9, Seite(n): 803-825,2017.<\/p>\n<p>Schatten, H., Holtschoppen, B.,Michel, P., Klinkel, S.:\u00a0 Bodendynamische Effekte bei der Auslegung von Sch\u00fcttgutfundamenten fl\u00fcssigkeitsgef\u00fcllter Tankbauwerke unter seismischer Beanspruchung. Bauingenieur, Band 92, Ausgabe: 10, S. 435-443, 2017<\/p>\n<p>Butenweg, C.: Passt, wackelt und hat Luft: Mauerwerksbauten aus Leichtbeton in Erdbebengebieten, Beton Bauteile, 65. Ausgabe, Bauverlag BV GmbH, G\u00fctersloh, 2017<\/p>\n<p>Rosin, J., Butenweg, C., Klinkel, S.: Stabilit\u00e4tsnachweis f\u00fcr seismisch beanspruchte Tankbauwerke nach dem LBA\/MNA-Konzept, Bauingenieur, Band 91, S. 518-526, Dezember 2016<\/p>\n<p>Butenweg, C., Marinkovic, M., Kubalski, T, Klinkel, S.: Masonry infilled reinforced concrete frames under horizontal loading \/Stahlbetonrahmen mit Ausfachungen aus Mauerwerk unter horizontalen Belastungen, Mauerwerk, Band 20, Nr. 4, S. 305 &#8211; 312, 2016<\/p>\n<p>Mykoniou K., Butenweg, C., Holtschoppen, B., Klinkel, S.: Seismic response analysis of adjacent liquid-storage tanks, Earthquake Engineering Structural Dynamics, 45 (11), pp. 1779-1796, 2016.<\/p>\n<p>Taddei, F., Butenweg, C., Klinkel, S.: Parametric investigation oft the soil-structure interaction effects on the dsynamic behaviour of a shallow foundation supported wind turbine considering a layered soil, Wind Energy, Band 18, Ausgabe 3, S. 399-417, 2015<\/p>\n<p>Kubalski, T., Butenweg, C.: Modelling strategies for horizontally loaded infill masonry, Das Mauerwerk, Band 19, Ausgabe 5, S.363-369, 2015<\/p>\n<p>Kemper, F.; Colomer, C.; Kuhnhenne, M.; Feldmann, M.: Windlastempfehlungen f\u00fcr Attikabereiche von Industriehallen auf Basis von Windkanalversuchen. In Stahlbau 11 (2015)<\/p>\n<p>Braconi, A.; Caprili, S.; Degee, H.; Guendel, M.; Hjiaj, M.; Hoffmeister, B.; Karamanos, S.A.; Rinaldi, V.; Salvatore, W.; Somja, H.: Efficiency of Eurocode 8 design rules for steel and steel-concrete composite structures. In: Journal of Constructional Steel Research (2015), S. 108\u2013129<\/p>\n<p>Bigelow, H.; Feldmann, M.: Hoffmeister, B.; Zabel, V.: Zur Teileinspannung in Elastomerlagern: Die Auswirkung realer Lagerungsbedingungen auf die erste Biegeeigenfrequenz n0 bei Walztr\u00e4ger-in-Beton (WiB-) Br\u00fccken. In: EI Der Eisenbahningenieur, 2 (2015), S. 32-35<\/p>\n<p>Taddei, F., Butenweg, C, Klinkel, S.: Parametric Investigation of the Soil-Structure Interaction Effects on the Dynamic Behaviour of a Wind Turbine Considering a Layered Soil, Wind Energy, Wiley Online Library, DOI: 10.1002\/we. 1703, 2014<\/p>\n<p>Gellert, C., Butenweg, C.: Seismic analysis of masonry structures in German earthquake zones according to DIN EN 1998-1\/Erdbebenbemessung von Mauerwerksbauten in deutschen Erdbebengebieten nach DIN EN 1998-1, Mauerwerk, Band 18, Nr. 3-4, S. 188 \u2013 196, 2014<\/p>\n<p>Butenweg, C., Meyer, U., Fehling, E.: EU-Projekt INSYSME: Innovative Techniken f\u00fcr erdbebensichere Ausfachungsw\u00e4nde aus Ziegelmauerwerk in Stahlbetonrahmentragwerken, Mauerwerk, Band 18, Nr. 2, S. 78 \u2013 81, 2014<\/p>\n<p>Butenweg, C., Schmitt, T., Rosen, B.: Seismische Einwirkungen auf erdverlegte Rohrleitungen, Bauingenieur, Band 89, S. 316-324, Juli\/August, 2014<\/p>\n<p>Butenweg, C., Renault, P.: Workshop der Gesellschaften zum EU-Projekt SHARE, Bauingenieur, Band 89, S. S2-S3, Oktober 2014<\/p>\n<p>Meyer, U., Butenweg, C., Fehling, E. : EU-Projekt INSYSME: Innovative Systeme f\u00fcr erdbebentaugliche Ausfachungsw\u00e4nde aus Ziegelmauerwerk, Bauingenieur, Band 89, S. S14, April 2014<\/p>\n<p>Butenweg C., Kleemann, A. Ikier, A.: Impact-Belastungen von Stahlbetonstrukturen, Bauingenieur, Band 88, Nr. 5, S. S7-S14, 2013<\/p>\n<p>Edip, E., Garevski. M., Butenweg, C., Sesov, V., Cvetanovska,J., GjorgievI. Numerical simulation of geotechnical problems by coupled finite and infinite elements, Journal of Civil Engineering and Architecture, Vol. 7, No. 2, Serial No. 63, pp. 68-77, 2013<\/p>\n<p>Altay, O.; Butenweg, C.; Fries, F.; Taddei, F.: Effektivit\u00e4t von Schwingungsd\u00e4mpfern bei Windenergieanlagen, Bauingenieur, Band 88, Nr. 10, S. S11-S17, 2013<\/p>\n<p>Butenweg, C., Gellert, C., Nichtlinearer Nachweis von Mauerwerksbauten \u2013 Ergebnisbericht des AIF-Forschungsprojekts, Mauerwerk, Band 17, Nr. 3, S. 1-6, 2013<\/p>\n<p>Altay, O.; Butenweg, C.; Fries, F.; Taddei, F.: Effektivit\u00e4t von Schwingungsd\u00e4mpfern bei Windenergieanlagen, Bauingenieur, Band 88, Nr. 10, S. S11-S17, 2013<\/p>\n<p>Kemper, F.; Feldmann, M.: Zur Erm\u00fcdungsbewertung der B\u00f6enantwort von T\u00fcrmen. In: Stahlbau, 9 (2013), S. 657\u2013664<\/p>\n<p>Bigelow, H.; Hoffmeister, B.; Feldmann, M.: \u00dcberpr\u00fcfung der Resonanzgefahr von Walztr\u00e4ger in Beton Br\u00fccken. In: Der Eisenbahningenieur , 12 (2013), S. 22-25<\/p>\n<p>Langosch, K.; Feldmann, M.; Hoffmeister, B.: Wandartige Monoglasst\u00fctzen unter axialen Drucklasten und Biegung. In: Glasbau 2013 (Stahlbau Spezial 2013) (2013), S. 143-155<\/p>\n<p>Butenweg, C., Holtschoppen, Br.: Neuer VCI-Leitfaden f\u00fcr die erdbebensichere Auslegung von Industrieanlagen, Bauingenieur, Band 87, S. S18, 2012.<\/p>\n<p>Fehling, E., Butenweg, C.: Hintergrund f\u00fcr die vereinfachten Regeln bei Mauerwerksgeb\u00e4uden im Erdbebenfall, Mauerwerk, Band 16, Nr. 3, S. 127-137, 2012<\/p>\n<p>Butenweg, C., Gellert, C.: Integrale Geb\u00e4udeplanung am Beispiel eines Geschossbaus in Ziegelmauerwerk, Mauerwerk, Band 16, Nr. 5, S. 247-254, 2012<\/p>\n<p>Klinkel S, Kohlhaas B; Modellierung und Anwendung von Formged\u00e4chtnislegierungen im Bauwesen, Bauingenieur, VDI-Bautechnik Jahresausgabe 2011\/2012, Springer VDI Verlag, 84, S. 101-110, 2011<\/p>\n<p>Norda, H., Butenweg, C.: M\u00f6glichkeiten und Grenzen der Anwendbarkeit statisch nichtlinearer Verfahren nach DIN EN 1998-1, Bauingenieur, Band 86, S. S13-S21<\/p>\n<p>&nbsp;<\/p>\n<p>&nbsp;<\/p>\n","protected":false},"excerpt":{"rendered":"<p>Altay O, Klinkel S (2018): A semi-active tuned liquid column damper for lateral vibration control of high-rise structures: Theory and experimental verification, Struct Control Health&#8230;<\/p>\n","protected":false},"author":1,"featured_media":0,"parent":202,"menu_order":0,"comment_status":"closed","ping_status":"closed","template":"","meta":[],"folder":[],"_links":{"self":[{"href":"https:\/\/www.cwe.rwth-aachen.de\/en\/wp-json\/wp\/v2\/pages\/213"}],"collection":[{"href":"https:\/\/www.cwe.rwth-aachen.de\/en\/wp-json\/wp\/v2\/pages"}],"about":[{"href":"https:\/\/www.cwe.rwth-aachen.de\/en\/wp-json\/wp\/v2\/types\/page"}],"author":[{"embeddable":true,"href":"https:\/\/www.cwe.rwth-aachen.de\/en\/wp-json\/wp\/v2\/users\/1"}],"replies":[{"embeddable":true,"href":"https:\/\/www.cwe.rwth-aachen.de\/en\/wp-json\/wp\/v2\/comments?post=213"}],"version-history":[{"count":9,"href":"https:\/\/www.cwe.rwth-aachen.de\/en\/wp-json\/wp\/v2\/pages\/213\/revisions"}],"predecessor-version":[{"id":1106,"href":"https:\/\/www.cwe.rwth-aachen.de\/en\/wp-json\/wp\/v2\/pages\/213\/revisions\/1106"}],"up":[{"embeddable":true,"href":"https:\/\/www.cwe.rwth-aachen.de\/en\/wp-json\/wp\/v2\/pages\/202"}],"wp:attachment":[{"href":"https:\/\/www.cwe.rwth-aachen.de\/en\/wp-json\/wp\/v2\/media?parent=213"}],"wp:term":[{"taxonomy":"folder","embeddable":true,"href":"https:\/\/www.cwe.rwth-aachen.de\/en\/wp-json\/wp\/v2\/folder?post=213"}],"curies":[{"name":"wp","href":"https:\/\/api.w.org\/{rel}","templated":true}]}}