{"id":200,"date":"2015-12-10T12:44:18","date_gmt":"2015-12-10T12:44:18","guid":{"rendered":"https:\/\/127.0.0.1\/cwe\/?page_id=200"},"modified":"2020-12-03T10:57:23","modified_gmt":"2020-12-03T09:57:23","slug":"activities","status":"publish","type":"page","link":"https:\/\/www.cwe.rwth-aachen.de\/en\/de\/about-us\/activities\/","title":{"rendered":"Activities"},"content":{"rendered":"<h2>Collaboration in Standardisation Committees and Memberships<\/h2>\n<p><strong>&nbsp;<\/strong><\/p>\n<h4><strong>Univ. Prof. Dr.-Ing. Markus Feldmann<\/strong><\/h4>\n<h5><strong>NABau<\/strong><\/h5>\n<p>NA 005-08 FBR Lenkungsgremium Fachbereich 08 &#8211; Stahlbau, Verbundbau, Aluminiumbau<br \/>\nNA 005-08-16 AA Tragwerksbemessung (SpA zu CEN\/TC 250\/SC 3)<br \/>\nNA 005-08-23-01 AK NAD Eurocode 3-2 \u2013 Stahlbr\u00fccken (G.z.A.)<br \/>\nNA 005-08-99 AA Verbundbau (SpA zu CEN\/TC 250\/SC 4)<br \/>\nNA 005-09-25 AA Arbeitsausschuss Bemessungs- und Konstruktionsregeln f\u00fcr Bauprodukte aus Glas (SpA zu CEN\/TC 129\/WG 8 und CEN\/TC 250\/WG 3)<br \/>\nNA 005-09-27 AA Arbeitsausschuss Geklebte Glasfassaden (SpA zu CEN\/TC 129\/WG 16)<br \/>\nNA 005-51 FBR Fachbereichsbeirat KOA 01: Mechanische Festigkeit und Standsicherheit<br \/>\nNA 005-51-01 AA Grundlagen f\u00fcr Entwurf, Berechnung und Bemessung von Tragwerken (SpA zu CEN\/TC 250\/PT 1)<br \/>\nNA 005-51-02 AA Einwirkungen auf Bauten (SpA zu CEN\/TC 250\/SC 1)<br \/>\nNA 005-51-06 AA Erdbeben, Sonderfragen (SpA zu CEN\/TC 250\/SC 8)<br \/>\nNA 005-51-07 AA Arbeitsausschuss Windenergieanlagen<br \/>\nNA 005-57 FBR Fachbereichsbeirat KOA 07: Br\u00fccken (G.z.A.)<br \/>\nNA 021-00-06 AA Nichtrostende, hitzebest\u00e4ndige und warmfeste St\u00e4hle<br \/>\nNA 021-00-06-01 UA Nichtrostende St\u00e4hle<br \/>\nNA 062-01-75 AA Schmelztauch\u00fcberz\u00fcge<br \/>\nNA 005 Normenausschuss Bauwesen (NABau)<br \/>\nNA 021 Normenausschuss Eisen und Stahl (FES)<br \/>\nNA 062 Normenausschuss Materialpr\u00fcfung (NMP)<\/p>\n<h5><strong>CEN<\/strong><\/h5>\n<p>CEN\/TC250\/SC3 \u201cDesign of Steel Structures\u201d<\/p>\n<p>&#8211; Evolution Group EC3-1-1<br \/>\n&#8211; Evolution Group EC3-1-9<br \/>\n&#8211; Evolution Group EC3-1-12<\/p>\n<p>CEN\/TC250\/SC4 \u201cDesign of Composite Structures\u201d<br \/>\nCEN\/TC250 WG 3 \u201eStructural Glass\u201c (Convenor)<\/p>\n<h5><strong>Memberships<\/strong><\/h5>\n<p>Deutschen Ausschuss f\u00fcr Stahlbau, DASt<br \/>\nDeutscher Stahlbau Verband, DSTV<br \/>\nDeutsches Institut f\u00fcr Bautechnik, DIBt<br \/>\nDeutscher Verband f\u00fcr Schwei\u00dfen und verwandte Verfahren e.V., DVS<br \/>\nForschungsvereinigung Stahlanwendung e. V., FOSTA<br \/>\nIABSE &#8211; Deutsche Gruppe \u2013 IVBH International Association for Bridge and Structural Engineering<br \/>\nIngenieurkammer Bau NRW<br \/>\nVPI &#8211; Landesvereinigung der Pr\u00fcfingenieure f\u00fcr Baustatik NW e.V.<br \/>\nin den Sachverst\u00e4ndigenaussch\u00fcssen \u201eMetallbau\u201c und \u201eVerbundbau\u201c des DIBt<br \/>\nZentrum Metallische Bauweisen e.V. (zmb)<br \/>\naluminium engineering center e.V., aec<br \/>\nPr\u00fcfingenieur f\u00fcr Baustatik, saSV f\u00fcr Standsicherheit, saSV f\u00fcr W\u00e4rme- und Schallschutz, Schwei\u00dffachingenieur (EWE), Schwei\u00dfg\u00fctepr\u00fcfingenieur (EWI)<br \/>\nWissenschaftlicher Beirat Fachzeitschrift \u201eStahlbau\u201c, Wiley Ernst &amp; Sohn<br \/>\nWissenschaftlicher Beirat BauforumStahl 2008-2010<\/p>\n<p>&nbsp;<\/p>\n<p><strong>&nbsp;<\/strong><\/p>\n<h4><strong>Univ. Prof. Dr.-Ing. Josef Hegger<\/strong><\/h4>\n<h5><strong>NABau<\/strong><\/h5>\n<p>NABau 07.01.00: Bemessung und Konstruktion (Obmann)<\/p>\n<p>International Federation for Structural Concrete<\/p>\n<h5><strong>CEN<\/strong><\/h5>\n<p>TG 4.2 Ultimate limit state models<br \/>\nTG 6.1 Prestressted hollow core floors<\/p>\n<p>Sachverst\u00e4ndigenaussch\u00fcsse des Deutschen Instituts f\u00fcr Bautechnik<br \/>\nSVA &#8211; A &#8211; (413); &#8211; B1 (413 a): Beton-, Stahlbeton-, Spannbetonbauteile<br \/>\nSVA &#8211; B3 &#8211; (413 c): Bewehrungselemente<br \/>\nSVA &#8211; A &#8211; (436): Tiefbau\/Grundbau<br \/>\nSVA &#8211; B1 &#8211; (436 a): Verpressanker\/Verpresspf\u00e4hle<br \/>\nSVA &#8211; A &#8211; (457); &#8211; B2 &#8211; (457 b): Metallbau\/Verbundbau<br \/>\nSVA &#8211; A &#8211; (408); &#8211; B1 &#8211; (408 a): Spannverfahren<br \/>\nSVA &#8211; B2 &#8211; (413 b Spannbetonhohlplatten<br \/>\nSVA &#8211; A &#8211; (449); &#8211; B &#8211; (449 a) Spannbetonhohlplatten<br \/>\nPG Windenergieanlagen<\/p>\n<p>&nbsp;<\/p>\n<p><strong>&nbsp;<\/strong><\/p>\n<h4><strong>Prof. Dr.-Ing. Benno Hoffmeister<\/strong><\/h4>\n<h5><strong>NAbau<\/strong><\/h5>\n<p>Normausschuss NA 005-51-06 AA, Erdbeben; Sonderfragen (Sp CEN\/TC 250\/SC 8)<\/p>\n<h5><strong>CEN<\/strong><\/h5>\n<p>ECCS TC 13, Seismic Design<br \/>\nECCS TC 11, Composite Structures<\/p>\n<h5><strong>Memberships<\/strong><\/h5>\n<p>Deutschen Gesellschaft f\u00fcr Erdbebeningenieurwesen und Baudynamik e.V.<br \/>\nInternational Association of Bridge and Structural Engineering (IABSE)<br \/>\nWG 2 (Steel Structures) beim CEN TC 250, SC 8<\/p>\n<p>&nbsp;<\/p>\n<p><strong>&nbsp;<\/strong><\/p>\n<h4><strong>Univ. Prof. Dr.-Ing. Sven Klinkel<\/strong><\/h4>\n<p>Vorstandsmitglied Baustatik und Baupraxis e.V.<br \/>\nVorstandsmitglied German Association of Computational Mechanics (GACM)<\/p>\n<h5><strong>Memberships<\/strong><\/h5>\n<p>Deutsche Gesellschaft f\u00fcr Erdbebeningenieurwesen und Baudynamik (DGEB)<br \/>\nEuropean Mechanics Society (EUROMECH)<br \/>\nGesellschaft f\u00fcr Angewandte Mathematik und Mechanik (GAMM)<br \/>\nInternational Association for Computational Mechanics (IACM)<\/p>\n<p>&nbsp;<\/p>\n<p><strong>&nbsp;<\/strong><\/p>\n<h4><strong>Prof. Dr.-Ing. Christoph Butenweg<\/strong><\/h4>\n<h5><strong>NABau<\/strong><\/h5>\n<p>Normausschuss: NA 005-06-37 AA Erdbebensicherheit von Mauerwerk<br \/>\nNormausschuss: NA 005-51-06 AA Erdbeben; Sonderfragen (Sp CEN\/TC 250\/SC 8)<\/p>\n<h5><strong>CEN<\/strong><\/h5>\n<p>Working Group Masonry, TC250\/SC8<\/p>\n<h5><strong>Memberships<\/strong><\/h5>\n<p>Pr\u00e4sident der Deutschen Gesellschaft f\u00fcr Erdbebeningenieurwesen und Baudynamik e.V.<br \/>\nVorstandsmitglied der European Association of Earthquake Engineering<br \/>\nKontaktperson IAEA (International Atomic Energy Agency)<\/p>\n<p>&nbsp;<\/p>\n<p><strong>&nbsp;<\/strong><\/p>\n<h4><strong>Dr.-Ing. Frank Kemper<\/strong><\/h4>\n<h5><strong>NABau<\/strong><\/h5>\n<p>Normenausschuss: NA 005-51-07 AA Arbeitsausschuss Windenergieanlagen<br \/>\nNormenausschuss: NABau 08.18.00 (EC3-Spiegelausschuss) T\u00fcrme und Maste<\/p>\n<h5><strong>Memberships<\/strong><\/h5>\n<p>WtG Windtechnologische Gesellschaft<br \/>\nMitglied im Steuerungskomittee des CDAI (Chinesisch-Deutsches Institut f\u00fcr angewandte Ingenieurwissenschaften)<\/p>\n<p>&nbsp;<\/p>\n<p>\/\/ <\/p>\n","protected":false},"excerpt":{"rendered":"<p>Collaboration in Standardisation Committees and Memberships &nbsp; Univ. Prof. Dr.-Ing. Markus Feldmann NABau NA 005-08 FBR Lenkungsgremium Fachbereich 08 &#8211; Stahlbau, Verbundbau, Aluminiumbau NA 005-08-16&#8230;<\/p>\n","protected":false},"author":1,"featured_media":0,"parent":18,"menu_order":0,"comment_status":"closed","ping_status":"closed","template":"","meta":[],"folder":[],"_links":{"self":[{"href":"https:\/\/www.cwe.rwth-aachen.de\/en\/wp-json\/wp\/v2\/pages\/200"}],"collection":[{"href":"https:\/\/www.cwe.rwth-aachen.de\/en\/wp-json\/wp\/v2\/pages"}],"about":[{"href":"https:\/\/www.cwe.rwth-aachen.de\/en\/wp-json\/wp\/v2\/types\/page"}],"author":[{"embeddable":true,"href":"https:\/\/www.cwe.rwth-aachen.de\/en\/wp-json\/wp\/v2\/users\/1"}],"replies":[{"embeddable":true,"href":"https:\/\/www.cwe.rwth-aachen.de\/en\/wp-json\/wp\/v2\/comments?post=200"}],"version-history":[{"count":4,"href":"https:\/\/www.cwe.rwth-aachen.de\/en\/wp-json\/wp\/v2\/pages\/200\/revisions"}],"predecessor-version":[{"id":1486,"href":"https:\/\/www.cwe.rwth-aachen.de\/en\/wp-json\/wp\/v2\/pages\/200\/revisions\/1486"}],"up":[{"embeddable":true,"href":"https:\/\/www.cwe.rwth-aachen.de\/en\/wp-json\/wp\/v2\/pages\/18"}],"wp:attachment":[{"href":"https:\/\/www.cwe.rwth-aachen.de\/en\/wp-json\/wp\/v2\/media?parent=200"}],"wp:term":[{"taxonomy":"folder","embeddable":true,"href":"https:\/\/www.cwe.rwth-aachen.de\/en\/wp-json\/wp\/v2\/folder?post=200"}],"curies":[{"name":"wp","href":"https:\/\/api.w.org\/{rel}","templated":true}]}}