{"id":198,"date":"2015-12-10T12:34:52","date_gmt":"2015-12-10T12:34:52","guid":{"rendered":"https:\/\/127.0.0.1\/cwe\/?page_id=198"},"modified":"2016-02-22T13:54:05","modified_gmt":"2016-02-22T12:54:05","slug":"wind-engineering","status":"publish","type":"page","link":"https:\/\/www.cwe.rwth-aachen.de\/en\/research\/wind-engineering\/","title":{"rendered":"Wind engineering"},"content":{"rendered":"<p><img decoding=\"async\" loading=\"lazy\" class=\" wp-image-406 alignright\" src=\"http:\/\/www.cwe.rwth-aachen.de\/wp-content\/uploads\/2015\/12\/Wind_1.png\" alt=\"Wind_1\" width=\"260\" height=\"173\" \/>Bei schlanken Tragwerken oder bei Fl\u00e4chentragwerken mit komplexem Lastabtrag, resultieren die Beanspruchungseffekte aus einer untrennbaren Interaktion zwischen einwirkender Str\u00f6mung, aerodynamischer Lastgenerierung und mechanischer Struktur\u00fcbertragung. Zur Bewertung der Tragwerkssicherheit solcher Strukturen sind deshalb mitunter \u00e4u\u00dferst komplexe Modelle erforderlich. Die zuf\u00e4llige Lastwirkung und die r\u00e4umliche Korrelationsstruktur stellt die Modellbildung vor weitere Herausforderungen, so dass stochastische und numerische Methoden sowie experimentelle Untersuchungen zur Anwendung kommen.<\/p>\n<p>Die wesentlichen Schwerpunkte der wissenschaftlichen Arbeiten in diesem Themengebiet am CWE umfassen u.a.:<\/p>\n<ul>\n<li>die Bestimmung der Windeinwirkungen und Strukturantworten von schlanken Strukturen (z.B. Windkraftanlagen, Br\u00fccken),<\/li>\n<li>die Weiterentwicklung von Windkanalmethoden,<\/li>\n<li>die Erarbeitung von Windlastmodellen f\u00fcr neuartige Konstruktionen,<\/li>\n<li>die Entwicklung numerischer Methoden im Bereich der Str\u00f6mungssimulation,<\/li>\n<li>die Durchf\u00fchrung von aeroelastischen Untersuchungen sowie<\/li>\n<li>die statistische Beschreibung von windbedingten Struktureffekten f\u00fcr probabilistische Studien.<\/li>\n<\/ul>\n<p>Die bekannten Bemessungslastmodelle f\u00fcr winderregte Schwingungsmechanismen sollen durch die Forschungsaktivit\u00e4ten stetig weiterentwickelt werden. Aktuell betrifft dies vor allem die <img decoding=\"async\" loading=\"lazy\" class=\" wp-image-408 alignright\" src=\"http:\/\/www.cwe.rwth-aachen.de\/wp-content\/uploads\/2015\/12\/Wind_2.png\" alt=\"Wind_2\" width=\"257\" height=\"386\" \/>Verankerung probabilistischer und stochastischer Modelle zur Abbildung von aeroelastischen Instabilit\u00e4ten. Unter Ber\u00fccksichtigung aller Anregungsmechanismen sollen durch gezielte Untersuchungen Vorschl\u00e4ge f\u00fcr eine verbesserte Bewertungsm\u00f6glichkeit der gesamten Tragwerkszuverl\u00e4ssigkeit erarbeitet werden.<\/p>\n<p>Weiterhin besteht gro\u00dfer Bedarf an individuellen Windlastexpertisen, da die aerodynamische Lasteinwirkung stark von der individuellen Bauwerksarchitektur abh\u00e4ngt. Hier verbieten sich einfache Absch\u00e4tzungen, da die Lasten aus einer komplexen \u00dcberlagerung von nat\u00fcrlichen Anstr\u00f6mungs- und K\u00f6rperturbulenzen hervorgerufen werden. Mit der Windingenieurabteilung des Instituts f\u00fcr Stahlbau steht im CWE ein kompetenter Partner zur Verf\u00fcgung, der f\u00fchrend im Bereich der Auslegung von schlanken Tragwerken ist und der einen der wenigen bauwerksaerodynamischen Grenzschichtwindkan\u00e4le in der Bundesrepublik Deutschland betreibt.<\/p>\n<p>Die Auslegung der Tragstrukturen von Windkraftanlagen stellt aktuell einen Bereich mit hohem Entwicklungs- und Innovationspotential dar. Der industriellen Praxis fehlen nach wie vor Bemessungswerkzeuge zur realistischen Abbildung der komplexen windinduzierten Beanspruchungseffekte, um dem zuk\u00fcnftig weiterhin steigenden Bedarf an Tragstrukturen f\u00fcr Windturbinen in wirtschaftlicher Hinsicht und mit Blick auf die Tragwerkssicherheit gerecht zu werden.<\/p>\n<p>Im Rahmen des CWE kann auf umfangreiche Erfahrungen in der Planung und Durchf\u00fchrung von Messungen im Hinblick auf winderregte Schwingungsph\u00e4nomene sowie mit Blick auf windbedingte Schadensf\u00e4lle zur\u00fcckgegriffen werden. Spezielle Softwareentwicklungen, die beiden vorhandenen Windkan\u00e4le sowie die zugeh\u00f6rige Messtechnik des Instituts f\u00fcr Stahlbau k\u00f6nnen genutzt werden.<\/p>\n<p><script type=\"text\/javascript\">\/\/ <![CDATA[\nvar d = document.getElementById(\"menu-item-702\"); d.className += \" current-menu-item\";\n\/\/ ]]><\/script><\/p>\n","protected":false},"excerpt":{"rendered":"<p>Bei schlanken Tragwerken oder bei Fl\u00e4chentragwerken mit komplexem Lastabtrag, resultieren die Beanspruchungseffekte aus einer untrennbaren Interaktion zwischen einwirkender Str\u00f6mung, aerodynamischer Lastgenerierung und mechanischer Struktur\u00fcbertragung. Zur&#8230;<\/p>\n","protected":false},"author":1,"featured_media":0,"parent":21,"menu_order":0,"comment_status":"closed","ping_status":"closed","template":"","meta":[],"folder":[],"_links":{"self":[{"href":"https:\/\/www.cwe.rwth-aachen.de\/en\/wp-json\/wp\/v2\/pages\/198"}],"collection":[{"href":"https:\/\/www.cwe.rwth-aachen.de\/en\/wp-json\/wp\/v2\/pages"}],"about":[{"href":"https:\/\/www.cwe.rwth-aachen.de\/en\/wp-json\/wp\/v2\/types\/page"}],"author":[{"embeddable":true,"href":"https:\/\/www.cwe.rwth-aachen.de\/en\/wp-json\/wp\/v2\/users\/1"}],"replies":[{"embeddable":true,"href":"https:\/\/www.cwe.rwth-aachen.de\/en\/wp-json\/wp\/v2\/comments?post=198"}],"version-history":[{"count":3,"href":"https:\/\/www.cwe.rwth-aachen.de\/en\/wp-json\/wp\/v2\/pages\/198\/revisions"}],"predecessor-version":[{"id":940,"href":"https:\/\/www.cwe.rwth-aachen.de\/en\/wp-json\/wp\/v2\/pages\/198\/revisions\/940"}],"up":[{"embeddable":true,"href":"https:\/\/www.cwe.rwth-aachen.de\/en\/wp-json\/wp\/v2\/pages\/21"}],"wp:attachment":[{"href":"https:\/\/www.cwe.rwth-aachen.de\/en\/wp-json\/wp\/v2\/media?parent=198"}],"wp:term":[{"taxonomy":"folder","embeddable":true,"href":"https:\/\/www.cwe.rwth-aachen.de\/en\/wp-json\/wp\/v2\/folder?post=198"}],"curies":[{"name":"wp","href":"https:\/\/api.w.org\/{rel}","templated":true}]}}