{"id":194,"date":"2015-12-10T12:34:14","date_gmt":"2015-12-10T12:34:14","guid":{"rendered":"https:\/\/127.0.0.1\/cwe\/?page_id=194"},"modified":"2016-02-22T13:54:14","modified_gmt":"2016-02-22T12:54:14","slug":"structural-dynamics","status":"publish","type":"page","link":"https:\/\/www.cwe.rwth-aachen.de\/en\/research\/structural-dynamics\/","title":{"rendered":"Structural dynamics"},"content":{"rendered":"<p><span lang=\"DE\">Dem architektonischen Trend folgend werden moderne Bauwerke zunehmend filigraner ausgef\u00fchrt.<\/span> <span lang=\"DE\">Dies f\u00fchrt aus strukturdynamischer Sicht zu einer Steigerung der Schwingungsanf\u00e4lligkeit der Bauk\u00f6rper<\/span>, deren Planung mit einem klassischen konventionellen Tragwerksentwurf ohne dynamische Analyse immer h\u00e4ufiger unzureichend ist. <span lang=\"DE\">Am CWE werden deshalb unter Verwendung von moderner Messtechnik und geeigneten dynamischen Strukturmodellen neue Ma\u00dfnahmen der passiven und aktiven Schwingungstechnik entwickelt.<\/span> Diese Ma\u00dfnahmen dienen der Sicherstellung der Stand- und Gebrauchstauglichkeit sowie der Verl\u00e4ngerung der Lebensdauer. Die Forschungsschwerpunkte am CWE umfassen:<\/p>\n<ul>\n<li>Systemidentifikation<img decoding=\"async\" loading=\"lazy\" class=\" wp-image-416 alignright\" src=\"http:\/\/www.cwe.rwth-aachen.de\/wp-content\/uploads\/2015\/12\/Strukturdynamik_1.png\" alt=\"Strukturdynamik_1\" width=\"263\" height=\"197\" \/><\/li>\n<li>Numerische Methoden und Struktursimulationen<\/li>\n<li>System-Monitoring<\/li>\n<li>Schwingungsreduktion<\/li>\n<li>Bauwerksersch\u00fctterungen<\/li>\n<li>Menscheninduzierte Schwingungen (z.B. Br\u00fccken)<\/li>\n<li>Intelligente D\u00e4mpfersysteme<\/li>\n<li>Verkehrs- und maschineninduzierte Schwingungen<\/li>\n<\/ul>\n<p>Die zu untersuchenden Strukturen werden in Erg\u00e4nzung zu den experimentellen Methoden der Systemidentifikation durch numerische Modelle zur Simulation, Analyse und Optimierung von passiven, semiaktiven und aktiven Ma\u00dfnahmen zur Schwingungsreduktion untersucht. Hierbei kommen neben der Finiten-Elemente Methode auch Mehrk\u00f6rpersimulationsmodelle zum Einsatz. Zur Erzielung besonders hoher Effektivit\u00e4tsgrade werden am CWE intelligente D\u00e4mpfersysteme entwickelt, die sich adaptiv an die Systemrandbedingungen anpassen. <span lang=\"DE\">M\u00f6glich werden diese Entwicklungen durch die enge Kooperation des CWE mit f\u00fchrenden Instituten der RWTH Aachen auf den Gebieten der Mess- und Regelungstechnik.<\/span><img decoding=\"async\" loading=\"lazy\" class=\" wp-image-417 alignright\" src=\"http:\/\/www.cwe.rwth-aachen.de\/wp-content\/uploads\/2015\/12\/Strukturdynamik_2.png\" alt=\"Strukturdynamik_2\" width=\"261\" height=\"174\" \/><\/p>\n<p>Ein wesentlicher Schwerpunkt des CWE liegt in der Bewertung und Vermeidung von menschinduzierten Schwingungen. Typische Problembereiche sind hier moderne weit gespannte und leichte Deckensysteme die schon unter normalen Nutzungsbedingungen leicht zu Schwingungen angeregt werden k\u00f6nnen. Eine weiteres Beispiel sind leichte Fu\u00dfg\u00e4ngerbr\u00fccken, die bei ung\u00fcnstiger Planung auf Grund der geringen Br\u00fcckenmasse durch dynamische Einwirkungen zu gro\u00dfen Schwingungsamplituden neigen. Hier liegen am CWE umfangreiche Erfahrungen vor, um die Schwingungen in einem akzeptablen Rahmen zu halten und beispielsweise das Auftreten von \u201eLock-In-Effekten\u201c zu vermeiden. Im Bereich von Hochgeschwindigkeitsz\u00fcgen werden Untersuchungen zum dynamischen Verhalten von Br\u00fccken und sekund\u00e4rer Bauwerke (z.B. Schallschutzw\u00e4nde) durchgef\u00fchrt.<\/p>\n<p>F\u00fcr die experimentelle Beurteilung des strukturdynamischen Verhaltens steht am CWE umfangreiches Messequipment zur Verf\u00fcgung. Dieses umfasst hochsensible Geschwindigkeits- und Beschleunigungsaufnehmer sowie Unwuchterreger in den f\u00fcr Bauwerke relevanten Frequenzbereichen. Dieses Messequipment kann im Rahmen des Bauwerks-Monitorings in Kombination mit Dehnungs-, Temperatur-, und Windgeschwindigkeitsmessern eingesetzt werden.<\/p>\n<p><script type=\"text\/javascript\">\/\/ <![CDATA[\nvar d = document.getElementById(\"menu-item-702\"); d.className += \" current-menu-item\";\n\/\/ ]]><\/script><\/p>\n","protected":false},"excerpt":{"rendered":"<p>Dem architektonischen Trend folgend werden moderne Bauwerke zunehmend filigraner ausgef\u00fchrt. Dies f\u00fchrt aus strukturdynamischer Sicht zu einer Steigerung der Schwingungsanf\u00e4lligkeit der Bauk\u00f6rper, deren Planung mit&#8230;<\/p>\n","protected":false},"author":1,"featured_media":0,"parent":21,"menu_order":0,"comment_status":"closed","ping_status":"closed","template":"","meta":[],"folder":[],"_links":{"self":[{"href":"https:\/\/www.cwe.rwth-aachen.de\/en\/wp-json\/wp\/v2\/pages\/194"}],"collection":[{"href":"https:\/\/www.cwe.rwth-aachen.de\/en\/wp-json\/wp\/v2\/pages"}],"about":[{"href":"https:\/\/www.cwe.rwth-aachen.de\/en\/wp-json\/wp\/v2\/types\/page"}],"author":[{"embeddable":true,"href":"https:\/\/www.cwe.rwth-aachen.de\/en\/wp-json\/wp\/v2\/users\/1"}],"replies":[{"embeddable":true,"href":"https:\/\/www.cwe.rwth-aachen.de\/en\/wp-json\/wp\/v2\/comments?post=194"}],"version-history":[{"count":2,"href":"https:\/\/www.cwe.rwth-aachen.de\/en\/wp-json\/wp\/v2\/pages\/194\/revisions"}],"predecessor-version":[{"id":941,"href":"https:\/\/www.cwe.rwth-aachen.de\/en\/wp-json\/wp\/v2\/pages\/194\/revisions\/941"}],"up":[{"embeddable":true,"href":"https:\/\/www.cwe.rwth-aachen.de\/en\/wp-json\/wp\/v2\/pages\/21"}],"wp:attachment":[{"href":"https:\/\/www.cwe.rwth-aachen.de\/en\/wp-json\/wp\/v2\/media?parent=194"}],"wp:term":[{"taxonomy":"folder","embeddable":true,"href":"https:\/\/www.cwe.rwth-aachen.de\/en\/wp-json\/wp\/v2\/folder?post=194"}],"curies":[{"name":"wp","href":"https:\/\/api.w.org\/{rel}","templated":true}]}}