{"id":192,"date":"2015-12-10T12:33:42","date_gmt":"2015-12-10T12:33:42","guid":{"rendered":"https:\/\/127.0.0.1\/cwe\/?page_id=192"},"modified":"2016-02-22T13:54:22","modified_gmt":"2016-02-22T12:54:22","slug":"special-loads","status":"publish","type":"page","link":"https:\/\/www.cwe.rwth-aachen.de\/en\/research\/special-loads\/","title":{"rendered":"Special loads"},"content":{"rendered":"<p>Die Auslegung sicherheitsrelevanter Bauwerke und Anlagen sowie besonders exponierter Geb\u00e4ude erfordert nach den heutigen Sicherheitsstandards auch die Ber\u00fccksichtigung von kurzzeitdynamischen Extrembeanspruchungen als Folge von Einwirkungen wie Explosionen, Anpralllasten, Flugzeugabst\u00fcrzen oder Beschussk\u00f6rpern. Nicht zuletzt seit dem Terrorakt vom 11. September 2001 auf das World-Trade Center in New York ist es erforderlich die Robustheit von Tragwerken gegen\u00fcber kurzzeitdynamischen Beanspruchungen bei der Auslegung zu ber\u00fccksichtigen. Diese Anforderung findet sich auch in den europ\u00e4ischen Regelwerken, wobei in vielen Details noch Entwicklungs- und Regelungsbedarf besteht. Die Forschungsschwerpunkte konzentrieren sich am CWE auf folgende Bereiche:<img decoding=\"async\" loading=\"lazy\" class=\"wp-image-421 alignright\" src=\"http:\/\/www.cwe.rwth-aachen.de\/wp-content\/uploads\/2015\/12\/Sonderlasten_2.jpg\" alt=\"Sonderlasten_2\" width=\"220\" height=\"176\" \/><\/p>\n<ul>\n<li>Explosionslasten<\/li>\n<li>Anprallasten<\/li>\n<li>Impact-Belastungen durch Beschussk\u00f6rper<\/li>\n<li>Flugzeugabst\u00fcrze<\/li>\n<li>Kurzzeitdynamische Rechenmodelle<\/li>\n<li>Entwicklung analytischer Rechenans\u00e4tze<\/li>\n<\/ul>\n<p>F\u00fcr die aufgef\u00fchrten Sonderlasten ist im ersten Schritt eine Beschreibung der Einwirkung durch semi-empirisch bzw. durch gemessene oder an Simulationsmodellen ermittelten Zeitverl\u00e4ufen erforderlich. Nach Beschreibung der Einwirkung werden am CWE Rechenmodelle auf verschiedenen Genauigkeitsstufen entwickelt. Generell kann eine Auslegung der Strukturen auf Grundlage empirischer Formeln, analytischer Rechenans\u00e4tze oder expliziten kurzzeitdynamischen Berechnungen erfolgen, wobei bei den vereinfachten Rechenans\u00e4tzen immer die Charakteristik der Einwirkung zu ber\u00fccksichtigen ist.<img decoding=\"async\" loading=\"lazy\" class=\" wp-image-423 alignright\" src=\"http:\/\/www.cwe.rwth-aachen.de\/wp-content\/uploads\/2015\/12\/Sonderlasten_1.png\" alt=\"Sonderlasten_1\" width=\"240\" height=\"180\" \/><\/p>\n<p>F\u00fcr die expliziten dynamischen Berechnungen stehen am CWE f\u00fcr verschiedene Materialien (z.B. Stahl, Stahlbeton, Mauerwerk) leistungsf\u00e4hige und in zur\u00fcckliegenden Projekten validierte dehnratenabh\u00e4ngige Materialmodelle zur Verf\u00fcgung. Mit den am CWE vorhandenen Rechnerkapazit\u00e4ten ist mit diesen Modellen eine pr\u00e4zise Simulation der nichtlinearen Versagensmechanismen w\u00e4hrend der Impactvorg\u00e4nge m\u00f6glich.<\/p>\n<p>Zielsetzung der Forschungsaktivit\u00e4ten am CWE ist zus\u00e4tzlich der Einsatz und die Entwicklung von innovativen hochdissipativen Materialien und Konstruktionen, um die Energie der Impactbelastungen zu vernichten. F\u00fcr die Entwicklung mit mehreren Iterationen der Optimierung liegen sowohl am Lehrstuhl f\u00fcr Baustatik und Baudynamik als auch am Institut f\u00fcr Stahlbau langj\u00e4hrige Erfahrungen vor.<\/p>\n<p>&nbsp;<\/p>\n<p><script type=\"text\/javascript\">\/\/ <![CDATA[\nvar d = document.getElementById(\"menu-item-702\"); d.className += \" current-menu-item\";\n\/\/ ]]><\/script><\/p>\n","protected":false},"excerpt":{"rendered":"<p>Die Auslegung sicherheitsrelevanter Bauwerke und Anlagen sowie besonders exponierter Geb\u00e4ude erfordert nach den heutigen Sicherheitsstandards auch die Ber\u00fccksichtigung von kurzzeitdynamischen Extrembeanspruchungen als Folge von Einwirkungen&#8230;<\/p>\n","protected":false},"author":1,"featured_media":0,"parent":21,"menu_order":0,"comment_status":"closed","ping_status":"closed","template":"","meta":[],"folder":[],"_links":{"self":[{"href":"https:\/\/www.cwe.rwth-aachen.de\/en\/wp-json\/wp\/v2\/pages\/192"}],"collection":[{"href":"https:\/\/www.cwe.rwth-aachen.de\/en\/wp-json\/wp\/v2\/pages"}],"about":[{"href":"https:\/\/www.cwe.rwth-aachen.de\/en\/wp-json\/wp\/v2\/types\/page"}],"author":[{"embeddable":true,"href":"https:\/\/www.cwe.rwth-aachen.de\/en\/wp-json\/wp\/v2\/users\/1"}],"replies":[{"embeddable":true,"href":"https:\/\/www.cwe.rwth-aachen.de\/en\/wp-json\/wp\/v2\/comments?post=192"}],"version-history":[{"count":2,"href":"https:\/\/www.cwe.rwth-aachen.de\/en\/wp-json\/wp\/v2\/pages\/192\/revisions"}],"predecessor-version":[{"id":942,"href":"https:\/\/www.cwe.rwth-aachen.de\/en\/wp-json\/wp\/v2\/pages\/192\/revisions\/942"}],"up":[{"embeddable":true,"href":"https:\/\/www.cwe.rwth-aachen.de\/en\/wp-json\/wp\/v2\/pages\/21"}],"wp:attachment":[{"href":"https:\/\/www.cwe.rwth-aachen.de\/en\/wp-json\/wp\/v2\/media?parent=192"}],"wp:term":[{"taxonomy":"folder","embeddable":true,"href":"https:\/\/www.cwe.rwth-aachen.de\/en\/wp-json\/wp\/v2\/folder?post=192"}],"curies":[{"name":"wp","href":"https:\/\/api.w.org\/{rel}","templated":true}]}}